{"id":38,"date":"2015-07-14T15:27:43","date_gmt":"2015-07-14T15:27:43","guid":{"rendered":"http:\/\/viininjuurilla.fi\/?page_id=38"},"modified":"2022-08-18T09:41:43","modified_gmt":"2022-08-18T09:41:43","slug":"info","status":"publish","type":"page","link":"http:\/\/viininjuurilla.fi\/?page_id=38","title":{"rendered":"Tekij\u00e4t"},"content":{"rendered":"<p>T\u00e4m\u00e4 julkaisu on avoin\u00a0kaikille, joilla on kiinnostavaa teksti\u00e4 ja kuvia ihmisist\u00e4 ja ilmi\u00f6ist\u00e4 viinien takana. Sis\u00e4lt\u00f6\u00e4 toimittaa Marko Pasanen, ota yhteytt\u00e4 l\u00e4hett\u00e4m\u00e4ll\u00e4 postia osoitteeseen <a href=\"mailto:marko@viininjuurilla.fi.\" target=\"_blank\">marko@viininjuurilla.fi.<\/a><\/p>\n<p><strong><span class=\"alignnone\"><a href=\"http:\/\/viininjuurilla.fi\/wp-content\/uploads\/2015\/07\/VJ-8593.jpg\"><img loading=\"lazy\" decoding=\"async\" class=\"alignnone wp-image-1806 size-large\" src=\"http:\/\/viininjuurilla.fi\/wp-content\/uploads\/2015\/07\/VJ-8593-781x1024.jpg\" width=\"781\" height=\"1024\" srcset=\"http:\/\/viininjuurilla.fi\/wp-content\/uploads\/2015\/07\/VJ-8593-781x1024.jpg 781w, http:\/\/viininjuurilla.fi\/wp-content\/uploads\/2015\/07\/VJ-8593-229x300.jpg 229w, http:\/\/viininjuurilla.fi\/wp-content\/uploads\/2015\/07\/VJ-8593-768x1008.jpg 768w, http:\/\/viininjuurilla.fi\/wp-content\/uploads\/2015\/07\/VJ-8593-450x590.jpg 450w, http:\/\/viininjuurilla.fi\/wp-content\/uploads\/2015\/07\/VJ-8593-1024x1343.jpg 1024w, http:\/\/viininjuurilla.fi\/wp-content\/uploads\/2015\/07\/VJ-8593-381x500.jpg 381w, http:\/\/viininjuurilla.fi\/wp-content\/uploads\/2015\/07\/VJ-8593.jpg 1920w\" sizes=\"(max-width: 781px) 100vw, 781px\" \/><\/a><\/span>Marko Pasanen<\/strong> on vapaa kirjoittaja, joka on erikoistunut viiniin viimeisen kymmenen vuoden ajan.<\/p>\n<p><span class=\"aligncenter\"><img loading=\"lazy\" decoding=\"async\" class=\"aligncenter wp-image-1124 size-full\" src=\"http:\/\/viininjuurilla.fi\/wp-content\/uploads\/2015\/07\/riittakalliolla.jpg\" width=\"1000\" height=\"750\" srcset=\"http:\/\/viininjuurilla.fi\/wp-content\/uploads\/2015\/07\/riittakalliolla.jpg 1000w, http:\/\/viininjuurilla.fi\/wp-content\/uploads\/2015\/07\/riittakalliolla-300x225.jpg 300w, http:\/\/viininjuurilla.fi\/wp-content\/uploads\/2015\/07\/riittakalliolla-768x576.jpg 768w, http:\/\/viininjuurilla.fi\/wp-content\/uploads\/2015\/07\/riittakalliolla-450x338.jpg 450w, http:\/\/viininjuurilla.fi\/wp-content\/uploads\/2015\/07\/riittakalliolla-667x500.jpg 667w\" sizes=\"(max-width: 1000px) 100vw, 1000px\" \/><\/span><\/p>\n<p><strong>Riitta Sourander<\/strong> on pitk\u00e4n linjan huippuvalokuvaaja, joka on yht\u00e4 kotonaan viinitarhassa kuin muodin ja sisustuksen parissa.<\/p>\n","protected":false},"excerpt":{"rendered":"<p>T\u00e4m\u00e4 julkaisu on avoin\u00a0kaikille, joilla on kiinnostavaa teksti\u00e4 ja kuvia ihmisist\u00e4 ja ilmi\u00f6ist\u00e4 viinien takana. Sis\u00e4lt\u00f6\u00e4 toimittaa Marko [&hellip;]<\/p>\n","protected":false},"author":1,"featured_media":0,"parent":0,"menu_order":0,"comment_status":"open","ping_status":"closed","template":"","meta":{"footnotes":""},"class_list":["post-38","page","type-page","status-publish","hentry"],"_links":{"self":[{"href":"http:\/\/viininjuurilla.fi\/index.php?rest_route=\/wp\/v2\/pages\/38"}],"collection":[{"href":"http:\/\/viininjuurilla.fi\/index.php?rest_route=\/wp\/v2\/pages"}],"about":[{"href":"http:\/\/viininjuurilla.fi\/index.php?rest_route=\/wp\/v2\/types\/page"}],"author":[{"embeddable":true,"href":"http:\/\/viininjuurilla.fi\/index.php?rest_route=\/wp\/v2\/users\/1"}],"replies":[{"embeddable":true,"href":"http:\/\/viininjuurilla.fi\/index.php?rest_route=%2Fwp%2Fv2%2Fcomments&post=38"}],"version-history":[{"count":12,"href":"http:\/\/viininjuurilla.fi\/index.php?rest_route=\/wp\/v2\/pages\/38\/revisions"}],"predecessor-version":[{"id":1807,"href":"http:\/\/viininjuurilla.fi\/index.php?rest_route=\/wp\/v2\/pages\/38\/revisions\/1807"}],"wp:attachment":[{"href":"http:\/\/viininjuurilla.fi\/index.php?rest_route=%2Fwp%2Fv2%2Fmedia&parent=38"}],"curies":[{"name":"wp","href":"https:\/\/api.w.org\/{rel}","templated":true}]}}